{"id":138,"date":"2019-12-30T16:38:37","date_gmt":"2019-12-30T15:38:37","guid":{"rendered":"http:\/\/posaunenchor-shg.de\/?page_id=138"},"modified":"2020-01-19T19:58:29","modified_gmt":"2020-01-19T18:58:29","slug":"impressum","status":"publish","type":"page","link":"https:\/\/posaunenchor-shg.de\/index.php\/impressum\/","title":{"rendered":"Impressum"},"content":{"rendered":"\n<p><strong>Inhaltlich verantwortlich: <\/strong><\/p>\n\n\n\n<p>Posaunenchor der ev.-luth. Kirchengemeinden Altenhagen-Hagenburg und Sachsenhagen<\/p>\n\n\n\n<div class=\"wp-block-group\"><div class=\"wp-block-group__inner-container is-layout-flow wp-block-group-is-layout-flow\">\n<div class=\"wp-block-group\"><div class=\"wp-block-group__inner-container is-layout-flow wp-block-group-is-layout-flow\">\n<p><strong>Adresse:<\/strong><\/p>\n\n\n\n<p>Kirchengemeinde Altenhagen-Hagenburg<br>Altenh\u00e4ger Stra\u00dfe 25<br>31558 Hagenburg<\/p>\n\n\n\n<p>Kirchengemeinde Sachsenhagen<br>Holztrift 1<br>31553 Sachsenhagen<\/p>\n<\/div><\/div>\n<\/div><\/div>\n\n\n\n<p><strong>E-Mail:<\/strong><br> kontakt@posaunenchor-shg.de<\/p>\n\n\n\n<p><strong>Internet:<\/strong><br> www.posaunenchor-shg.de<br> www.meerbrass.de<\/p>\n\n\n\n<p><strong>Haftungshinweis:<\/strong><br>Trotz sorgf\u00e4ltiger inhaltlicher Kontrolle \u00fcbernehmen wir keine Haftung f\u00fcr die Inhalte externer Links. F\u00fcr den Inhalt der verlinkten Seiten sind ausschlie\u00dflich deren Betreiber verantwortlich.<\/p>\n\n\n\n<p><strong>Technische Betreuung: <\/strong><br>Anne Kaschel<br>E-Mail:<a href=\"javascript:linkTo_UnCryptMailto('kygjrm8gldmYigpafc+qfe,bc');\"> kontakt@posaunenchor-shg.de<\/a><br><\/p>\n\n\n\n<p><\/p>\n","protected":false},"excerpt":{"rendered":"<p>Inhaltlich verantwortlich: Posaunenchor der ev.-luth. Kirchengemeinden Altenhagen-Hagenburg und Sachsenhagen Adresse: Kirchengemeinde Altenhagen-HagenburgAltenh\u00e4ger Stra\u00dfe 2531558 Hagenburg Kirchengemeinde SachsenhagenHolztrift 131553 Sachsenhagen E-Mail: kontakt@posaunenchor-shg.de Internet: www.posaunenchor-shg.de www.meerbrass.de Haftungshinweis:Trotz sorgf\u00e4ltiger inhaltlicher Kontrolle \u00fcbernehmen wir keine Haftung f\u00fcr die Inhalte externer Links. F\u00fcr den Inhalt der verlinkten Seiten sind ausschlie\u00dflich deren Betreiber verantwortlich. Technische Betreuung: Anne KaschelE-Mail: kontakt@posaunenchor-shg.de<\/p>\n","protected":false},"author":1,"featured_media":0,"parent":0,"menu_order":0,"comment_status":"closed","ping_status":"closed","template":"templates\/template-full-width.php","meta":{"footnotes":""},"class_list":["post-138","page","type-page","status-publish","hentry"],"_links":{"self":[{"href":"https:\/\/posaunenchor-shg.de\/index.php\/wp-json\/wp\/v2\/pages\/138","targetHints":{"allow":["GET"]}}],"collection":[{"href":"https:\/\/posaunenchor-shg.de\/index.php\/wp-json\/wp\/v2\/pages"}],"about":[{"href":"https:\/\/posaunenchor-shg.de\/index.php\/wp-json\/wp\/v2\/types\/page"}],"author":[{"embeddable":true,"href":"https:\/\/posaunenchor-shg.de\/index.php\/wp-json\/wp\/v2\/users\/1"}],"replies":[{"embeddable":true,"href":"https:\/\/posaunenchor-shg.de\/index.php\/wp-json\/wp\/v2\/comments?post=138"}],"version-history":[{"count":10,"href":"https:\/\/posaunenchor-shg.de\/index.php\/wp-json\/wp\/v2\/pages\/138\/revisions"}],"predecessor-version":[{"id":449,"href":"https:\/\/posaunenchor-shg.de\/index.php\/wp-json\/wp\/v2\/pages\/138\/revisions\/449"}],"wp:attachment":[{"href":"https:\/\/posaunenchor-shg.de\/index.php\/wp-json\/wp\/v2\/media?parent=138"}],"curies":[{"name":"wp","href":"https:\/\/api.w.org\/{rel}","templated":true}]}}