{"id":27,"date":"2019-12-28T17:50:51","date_gmt":"2019-12-28T16:50:51","guid":{"rendered":"http:\/\/posaunenchor-shg.de\/?page_id=27"},"modified":"2024-12-09T20:35:20","modified_gmt":"2024-12-09T19:35:20","slug":"ueber-uns","status":"publish","type":"page","link":"https:\/\/posaunenchor-shg.de\/index.php\/ueber-uns\/","title":{"rendered":"\u00dcber uns"},"content":{"rendered":"\n<h3 class=\"wp-block-heading has-text-color has-link-color wp-elements-5d94b57454b29218a5fc5c48d9ae3347\" style=\"color:#040404\"><a><strong>Posaunenchor MeerBrass&nbsp;<\/strong><\/a><\/h3>\n\n\n\n<p>Der Posaunenchor MeerBrass ist eine Bl\u00e4sergemeinschaft der Posaunench\u00f6re Altenhagen-Hagenburg (Gr\u00fcndung 1925), Auhagen-Sachsenhagen (Gr\u00fcndung 1985) und Lyhren e.V. (Gr\u00fcndung 1911). Seit 1992 leitet Andreas Meyer den Posaunenchor MeerBrass, Altenhagen-Hagenburg, 1995 kam der Posaunenchor Lyhren dazu und seit 1998 spielt auch der Posaunenchor Auhagen-Sachsenhagen in dieser Bl\u00e4sergemeinschaft mit. Der gemeinschaftliche Posaunenchor MeerBrass spielt regelm\u00e4\u00dfig in den Kirchen von Hagenburg, Sachsenhagen und Apelern f\u00fcr deren Kirchengemeinden. Der Posaunenchor MeerBrass stellt auch die Verbindung zwischen den Landeskirchen Schaumburg-Lippe und der Grafschaft Schaumburg her!<\/p>\n\n\n\n<p>Aktivit\u00e4ten:&nbsp;Mit dem Posaunenchor Deutschland erleben und kennenlernen lautet nun seit 30 Jahren die Devise der Bl\u00e4serinnen und Bl\u00e4ser von&nbsp;MeerBrass&nbsp;am Steinhuder Meer. Posaunenchorfreizeiten, Bl\u00e4sertage, Kirchentage und Posaunentage brachten sie nach Spiekeroog (1996), Verden (1998), Goslar (1999), Bad Bederkesa (2000), Springe (2001), G\u00fcstrow (2002), Fehmarn (2003), Detmold (2004), Hannover (2005), Ratzeburg (2005), Papenburg (2006), Spiekeroog (2007), Borkum (2008), Leipzig (2008, 1. Deutsche ev. Posaunentag mit Teilnehmerweltrekord), Bremen (2009), Schwerte (2009), R\u00fcgen (2010), Wernigerode (2011), Dresden (2011), Boltenhagen (2012), Hamburg (2013), Elbenberg (2013), Burg Bodenstein (2014), Markneukirchen (2015), Dresden (2016, 2. Deutsche ev. Posaunentag), Lage (2017), Leipzig (2017), Wittenberg (2017), Wolfenb\u00fcttel (2018), Dortmund (2019), Petershagen (2021), N\u00fcrnberg (2023) und Hamburg (2024, 3. Deutsche ev. Posaunentag). 2009 veranstaltete der Posaunenchor ein gro\u00dfes Jungbl\u00e4sertreffen mit \u00dcbernachtung und Konzert f\u00fcr die Landeskirche Schaumburg-Lippe.&nbsp;2010 war der Posaunenchor bei der Aktion \u201eSchaumburger Friede\u201c vorm Hagenburger Schloss und beim Jubil\u00e4um von \u201eHallo Niedersachsen\u201c im NDR-Fernsehen mit dabei. 2011 hat MeerBrass den 100. Geburtstag des Posaunenchores Lyhren in der Archidiakonats-Kirche von Apelern organisiert und 2016 zur 1150 Jahrfeier von Apelern im Schlosshof von M\u00fcnchhausen gespielt. Mit dem Blechbl\u00e4serensemble aus Quito (Ecuador) verbindet die Bl\u00e4ser*innen eine l\u00e4ngere Freundschaft. 2014, 2019 und 2024 gaben beide Ensembles zusammen ein Konzert in der St. Nicolai Kirche von Hagenburg. Regelm\u00e4\u00dfig begleitet der Posaunenchor Festgottesdienste in der St. Elisabeth Kirche Sachsenhagen und der St. Nicolai Kirche Hagenburg. Des Weiteren spielt er beim Festlichen Wochenende in Steinhude, beim Himmelfahrtsgottesdienst am Mittellandkanal in Sachsenhagen und Ostern und Weihnachten in den Altersheimen von Hagenburg. Die Bl\u00e4ser*innen er\u00f6ffnen den Adventsbasar in Hagenburg, sowie die Weihnachtsm\u00e4rkte in Auhagen, Sachsenhagen und Stadthagen und geben Konzerte zur Sommer-, Advents- und Weihnachtszeit. 2020 und 2021 wurden pandemiebedingt viele Open-Air- und Online-Auftritte veranstaltet. 2022 wurde ein Erinnerungsgottesdienst in Apelern (111 Jahre PC Lyhren) gegeben und gemeinsam mit dem Ratsgymnasium Stadthagen ein zweit\u00e4giger Workshop mit Prof. Andreas M. Hofmeir (Tuba) organisiert. Ebenfalls ist der Posaunenchor regelm\u00e4\u00dfig Ausrichter des Adventskonzertes in Hagenburg mit vier Ch\u00f6ren.<\/p>\n\n\n\n<div class=\"wp-block-group alignwide\"><div class=\"wp-block-group__inner-container is-layout-flow wp-block-group-is-layout-flow\">\n<figure class=\"wp-block-gallery has-nested-images columns-default is-cropped wp-block-gallery-1 is-layout-flex wp-block-gallery-is-layout-flex\">\n<figure class=\"wp-block-image size-large\"><img loading=\"lazy\" decoding=\"async\" width=\"316\" height=\"313\" data-id=\"244\" src=\"https:\/\/posaunenchor-shg.de\/wp-content\/uploads\/2020\/01\/LogoSachsenhagenburg.gif\" alt=\"\" class=\"wp-image-244\"\/><\/figure>\n\n\n\n<figure class=\"wp-block-image size-large\"><img loading=\"lazy\" decoding=\"async\" width=\"362\" height=\"369\" data-id=\"245\" src=\"https:\/\/posaunenchor-shg.de\/wp-content\/uploads\/2020\/01\/LogoLyhren-1.gif\" alt=\"\" class=\"wp-image-245\"\/><\/figure>\n<\/figure>\n<\/div><\/div>\n","protected":false},"excerpt":{"rendered":"<p>Posaunenchor MeerBrass&nbsp; Der Posaunenchor MeerBrass ist eine Bl\u00e4sergemeinschaft der Posaunench\u00f6re Altenhagen-Hagenburg (Gr\u00fcndung 1925), Auhagen-Sachsenhagen (Gr\u00fcndung 1985) und Lyhren e.V. (Gr\u00fcndung 1911). Seit 1992 leitet Andreas Meyer den Posaunenchor MeerBrass, Altenhagen-Hagenburg, 1995 kam der Posaunenchor Lyhren dazu und seit 1998 spielt auch der Posaunenchor Auhagen-Sachsenhagen in dieser Bl\u00e4sergemeinschaft mit. Der gemeinschaftliche Posaunenchor MeerBrass spielt regelm\u00e4\u00dfig in [&hellip;]<\/p>\n","protected":false},"author":1,"featured_media":0,"parent":0,"menu_order":0,"comment_status":"closed","ping_status":"closed","template":"","meta":{"footnotes":""},"class_list":["post-27","page","type-page","status-publish","hentry"],"_links":{"self":[{"href":"https:\/\/posaunenchor-shg.de\/index.php\/wp-json\/wp\/v2\/pages\/27","targetHints":{"allow":["GET"]}}],"collection":[{"href":"https:\/\/posaunenchor-shg.de\/index.php\/wp-json\/wp\/v2\/pages"}],"about":[{"href":"https:\/\/posaunenchor-shg.de\/index.php\/wp-json\/wp\/v2\/types\/page"}],"author":[{"embeddable":true,"href":"https:\/\/posaunenchor-shg.de\/index.php\/wp-json\/wp\/v2\/users\/1"}],"replies":[{"embeddable":true,"href":"https:\/\/posaunenchor-shg.de\/index.php\/wp-json\/wp\/v2\/comments?post=27"}],"version-history":[{"count":35,"href":"https:\/\/posaunenchor-shg.de\/index.php\/wp-json\/wp\/v2\/pages\/27\/revisions"}],"predecessor-version":[{"id":752,"href":"https:\/\/posaunenchor-shg.de\/index.php\/wp-json\/wp\/v2\/pages\/27\/revisions\/752"}],"wp:attachment":[{"href":"https:\/\/posaunenchor-shg.de\/index.php\/wp-json\/wp\/v2\/media?parent=27"}],"curies":[{"name":"wp","href":"https:\/\/api.w.org\/{rel}","templated":true}]}}