{"id":336,"date":"2020-01-05T18:51:14","date_gmt":"2020-01-05T17:51:14","guid":{"rendered":"http:\/\/posaunenchor-shg.de\/?page_id=336"},"modified":"2023-07-31T20:59:51","modified_gmt":"2023-07-31T18:59:51","slug":"kompositionen","status":"publish","type":"page","link":"https:\/\/posaunenchor-shg.de\/index.php\/kompositionen\/","title":{"rendered":"Kompositionen"},"content":{"rendered":"\n<p>Hier finden Sie Eigenkompositionen f\u00fcr Blechbl\u00e4serensembles verschiedener Stilrichtungen von Andreas Meyer (Leiter des Posaunenchores). Mehr unter:\u00a0<a href=\"https:\/\/www.andreasmeyer-musik.de\" target=\"_blank\" rel=\"noreferrer noopener\">www.andreasmeyer-musik.de<\/a><\/p>\n\n\n\n<figure class=\"wp-block-table is-style-regular\"><table><tbody><tr><td><strong><u>Titel<\/u><\/strong><\/td><td><strong><u>Noten\/H\u00f6rbeispiel<\/u><\/strong><\/td><\/tr><tr><td><strong>Blech im Blut<\/strong><br>(Jungbl\u00e4ser)<\/td><td><a rel=\"noreferrer noopener\" aria-label=\" (\u00f6ffnet in neuem Tab)\" href=\"https:\/\/posaunenchor-shg.de\/wp-content\/uploads\/2020\/01\/Blech_im_Blut.pdf\" target=\"_blank\"> Blech_im_Blut.pdf<\/a><br>H\u00f6rbeispiel: <div class=\"compact_audio_player_wrapper\"><div class=\"sc_player_container1\"><input type=\"button\" id=\"btnplay_69e15968a29b58.65226015\" class=\"myButton_play\" onClick=\"play_mp3('play','69e15968a29b58.65226015','https:\/\/posaunenchor-shg.de\/wp-content\/uploads\/2020\/01\/Blech-im-Blut.mp3','80','false');show_hide('play','69e15968a29b58.65226015');\" \/><input type=\"button\"  id=\"btnstop_69e15968a29b58.65226015\" style=\"display:none\" class=\"myButton_stop\" onClick=\"play_mp3('stop','69e15968a29b58.65226015','','80','false');show_hide('stop','69e15968a29b58.65226015');\" \/><div id=\"sm2-container\"><!-- flash movie ends up here --><\/div><\/div><\/div><\/td><\/tr><tr><td><strong>Blech an Bord<\/strong><br>(Jungbl\u00e4ser)<\/td><td> <a rel=\"noreferrer noopener\" aria-label=\"Blech_an_Bord.pdf (\u00f6ffnet in neuem Tab)\" href=\"https:\/\/posaunenchor-shg.de\/wp-content\/uploads\/2020\/01\/Blech-an-Bord.pdf\" target=\"_blank\">Blech_an_Bord.pdf<\/a><br>      H\u00f6rbeispiel: <div class=\"compact_audio_player_wrapper\"><div class=\"sc_player_container1\"><input type=\"button\" id=\"btnplay_69e15968ab94c2.62252019\" class=\"myButton_play\" onClick=\"play_mp3('play','69e15968ab94c2.62252019','https:\/\/posaunenchor-shg.de\/wp-content\/uploads\/2020\/01\/Blech-an-Bord.mp3','80','false');show_hide('play','69e15968ab94c2.62252019');\" \/><input type=\"button\"  id=\"btnstop_69e15968ab94c2.62252019\" style=\"display:none\" class=\"myButton_stop\" onClick=\"play_mp3('stop','69e15968ab94c2.62252019','','80','false');show_hide('stop','69e15968ab94c2.62252019');\" \/><div id=\"sm2-container\"><!-- flash movie ends up here --><\/div><\/div><\/div> <\/td><\/tr><tr><td><strong>Blech auf Fahrt<\/strong><br>(Jungbl\u00e4ser)<\/td><td><a rel=\"noreferrer noopener\" aria-label=\" Blech_auf_Fahrt.pdf (\u00f6ffnet in neuem Tab)\" href=\"https:\/\/posaunenchor-shg.de\/wp-content\/uploads\/2020\/01\/Blech-auf-Fahrt.pdf\" target=\"_blank\"> Blech_auf_Fahrt.pdf<\/a><br>      H\u00f6rbeispiel: <div class=\"compact_audio_player_wrapper\"><div class=\"sc_player_container1\"><input type=\"button\" id=\"btnplay_69e15968b6d2e9.03126604\" class=\"myButton_play\" onClick=\"play_mp3('play','69e15968b6d2e9.03126604','https:\/\/posaunenchor-shg.de\/wp-content\/uploads\/2020\/01\/Blech-auf-Fahrt.mp3','80','false');show_hide('play','69e15968b6d2e9.03126604');\" \/><input type=\"button\"  id=\"btnstop_69e15968b6d2e9.03126604\" style=\"display:none\" class=\"myButton_stop\" onClick=\"play_mp3('stop','69e15968b6d2e9.03126604','','80','false');show_hide('stop','69e15968b6d2e9.03126604');\" \/><div id=\"sm2-container\"><!-- flash movie ends up here --><\/div><\/div><\/div> <\/td><\/tr><tr><td><strong>Blech mit Hall<\/strong><br>(Jungbl\u00e4ser)<\/td><td> <a rel=\"noreferrer noopener\" aria-label=\"Blech_mit_Hall.pdf (\u00f6ffnet in neuem Tab)\" href=\"https:\/\/posaunenchor-shg.de\/wp-content\/uploads\/2020\/01\/Blech_mit_Hall.pdf\" target=\"_blank\">Blech_mit_Hall.pdf<\/a><br>      H\u00f6rbeispiel: <div class=\"compact_audio_player_wrapper\"><div class=\"sc_player_container1\"><input type=\"button\" id=\"btnplay_69e15968bfe5e0.87384512\" class=\"myButton_play\" onClick=\"play_mp3('play','69e15968bfe5e0.87384512','https:\/\/posaunenchor-shg.de\/wp-content\/uploads\/2020\/01\/Blech-mit-Hall.mp3','80','false');show_hide('play','69e15968bfe5e0.87384512');\" \/><input type=\"button\"  id=\"btnstop_69e15968bfe5e0.87384512\" style=\"display:none\" class=\"myButton_stop\" onClick=\"play_mp3('stop','69e15968bfe5e0.87384512','','80','false');show_hide('stop','69e15968bfe5e0.87384512');\" \/><div id=\"sm2-container\"><!-- flash movie ends up here --><\/div><\/div><\/div> <\/td><\/tr><tr><td><strong>Blech mit Herz<\/strong><br>(Jungbl\u00e4ser)<\/td><td> <a rel=\"noreferrer noopener\" aria-label=\"Blech_mit_Herz.pdf (\u00f6ffnet in neuem Tab)\" href=\"https:\/\/posaunenchor-shg.de\/wp-content\/uploads\/2020\/01\/Blech_mit_Herz.pdf\" target=\"_blank\">Blech_mit_Herz.pdf<\/a><br>      H\u00f6rbeispiel: <div class=\"compact_audio_player_wrapper\"><div class=\"sc_player_container1\"><input type=\"button\" id=\"btnplay_69e15968c7b6e8.36131417\" class=\"myButton_play\" onClick=\"play_mp3('play','69e15968c7b6e8.36131417','https:\/\/posaunenchor-shg.de\/wp-content\/uploads\/2020\/01\/Blech-mit-Herz.mp3','80','false');show_hide('play','69e15968c7b6e8.36131417');\" \/><input type=\"button\"  id=\"btnstop_69e15968c7b6e8.36131417\" style=\"display:none\" class=\"myButton_stop\" onClick=\"play_mp3('stop','69e15968c7b6e8.36131417','','80','false');show_hide('stop','69e15968c7b6e8.36131417');\" \/><div id=\"sm2-container\"><!-- flash movie ends up here --><\/div><\/div><\/div> <\/td><\/tr><tr><td><strong>Blech im Spiel<\/strong><br>(Jungbl\u00e4ser)<\/td><td> <a rel=\"noreferrer noopener\" aria-label=\"Blech_im_Spiel.pdf (\u00f6ffnet in neuem Tab)\" href=\"https:\/\/posaunenchor-shg.de\/wp-content\/uploads\/2020\/01\/Blech_im_Spiel.pdf\" target=\"_blank\">Blech_im_Spiel.pdf<\/a><br>      H\u00f6rbeispiel: <div class=\"compact_audio_player_wrapper\"><div class=\"sc_player_container1\"><input type=\"button\" id=\"btnplay_69e15968ced5b5.44037080\" class=\"myButton_play\" onClick=\"play_mp3('play','69e15968ced5b5.44037080','https:\/\/posaunenchor-shg.de\/wp-content\/uploads\/2020\/01\/Blech_im_Spiel.mp3','80','false');show_hide('play','69e15968ced5b5.44037080');\" \/><input type=\"button\"  id=\"btnstop_69e15968ced5b5.44037080\" style=\"display:none\" class=\"myButton_stop\" onClick=\"play_mp3('stop','69e15968ced5b5.44037080','','80','false');show_hide('stop','69e15968ced5b5.44037080');\" \/><div id=\"sm2-container\"><!-- flash movie ends up here --><\/div><\/div><\/div> <\/td><\/tr><tr><td><strong>Ein feste Burg ist unser Gott<\/strong><br><br>\n<\/td><td><a href=\"https:\/\/posaunenchor-shg.de\/wp-content\/uploads\/2020\/01\/Ein_feste_Burg_ist_unser_Gott.pdf\" target=\"_blank\" rel=\"noreferrer noopener\" aria-label=\" Ein_feste_Burg_ist_unser_Gott.pdf (\u00f6ffnet in neuem Tab)\"> Ein_feste_Burg_ist_unser_Gott.pdf<\/a><\/td><\/tr><tr><td><strong>Es kommt ein Schiff geladen<\/strong><br><br> <\/td><td><a href=\"https:\/\/posaunenchor-shg.de\/wp-content\/uploads\/2020\/01\/Es_kommt_ein_Schiff_geladen.pdf\" target=\"_blank\" rel=\"noreferrer noopener\" aria-label=\" Es_kommt_ein_Schiff_geladen.pdf (\u00f6ffnet in neuem Tab)\"> Es_kommt_ein_Schiff_geladen.pdf<\/a><\/td><\/tr><tr><td><strong>Fr\u00f6hlich soll mein Herze springen<\/strong><br><br> <\/td><td><a rel=\"noreferrer noopener\" aria-label=\" Froehlich soll mein Herze springen.pdf (\u00f6ffnet in neuem Tab)\" href=\"https:\/\/posaunenchor-shg.de\/wp-content\/uploads\/2020\/01\/Froehlich-soll-mein-Herze-springen.pdf\" target=\"_blank\"> Fr\u00f6hlich soll mein Herze springen.pdf<\/a><br>H\u00f6rbeispiel: <div class=\"compact_audio_player_wrapper\"><div class=\"sc_player_container1\"><input type=\"button\" id=\"btnplay_69e15968d54a07.40307031\" class=\"myButton_play\" onClick=\"play_mp3('play','69e15968d54a07.40307031','https:\/\/posaunenchor-shg.de\/wp-content\/uploads\/2020\/01\/Froehlich-soll-mein-Herze-springen.mp3','80','false');show_hide('play','69e15968d54a07.40307031');\" \/><input type=\"button\"  id=\"btnstop_69e15968d54a07.40307031\" style=\"display:none\" class=\"myButton_stop\" onClick=\"play_mp3('stop','69e15968d54a07.40307031','','80','false');show_hide('stop','69e15968d54a07.40307031');\" \/><div id=\"sm2-container\"><!-- flash movie ends up here --><\/div><\/div><\/div> <\/td><\/tr><tr><td><strong>Herbei o ihr Gl\u00e4ub&#8217;gen<\/strong><\/td><td> <a rel=\"noreferrer noopener\" aria-label=\"Herbei_o_ihr_Gl\u00e4ub'gen.pdf (\u00f6ffnet in neuem Tab)\" href=\"https:\/\/posaunenchor-shg.de\/wp-content\/uploads\/2020\/01\/Herbei_o_ihr_Glaeubgen.pdf\" target=\"_blank\">Herbei_o_ihr_Gl\u00e4ub&#8217;gen.pdf<\/a><br> H\u00f6rbeispiel: <div class=\"compact_audio_player_wrapper\"><div class=\"sc_player_container1\"><input type=\"button\" id=\"btnplay_69e15968dc8d87.67499982\" class=\"myButton_play\" onClick=\"play_mp3('play','69e15968dc8d87.67499982','https:\/\/posaunenchor-shg.de\/wp-content\/uploads\/2020\/01\/Herbei_o_ihr_Glaeubgen.mp3','80','false');show_hide('play','69e15968dc8d87.67499982');\" \/><input type=\"button\"  id=\"btnstop_69e15968dc8d87.67499982\" style=\"display:none\" class=\"myButton_stop\" onClick=\"play_mp3('stop','69e15968dc8d87.67499982','','80','false');show_hide('stop','69e15968dc8d87.67499982');\" \/><div id=\"sm2-container\"><!-- flash movie ends up here --><\/div><\/div><\/div> <\/td><\/tr><tr><td><strong>Intrade<\/strong><br><br> <\/td><td> <a href=\"https:\/\/posaunenchor-shg.de\/wp-content\/uploads\/2020\/01\/Intrade.pdf\" target=\"_blank\" rel=\"noreferrer noopener\" aria-label=\"Intrade.pdf  (\u00f6ffnet in neuem Tab)\">Intrade.pdf <\/a><\/td><\/tr><tr><td><strong>Licht<\/strong><\/td><td> <a rel=\"noreferrer noopener\" aria-label=\"Licht.pdf  (\u00f6ffnet in neuem Tab)\" href=\"https:\/\/posaunenchor-shg.de\/wp-content\/uploads\/2020\/01\/Licht.pdf\" target=\"_blank\">Licht.pdf <\/a><br>     H\u00f6rbeispiel: <div class=\"compact_audio_player_wrapper\"><div class=\"sc_player_container1\"><input type=\"button\" id=\"btnplay_69e15968e2aee0.16352298\" class=\"myButton_play\" onClick=\"play_mp3('play','69e15968e2aee0.16352298','https:\/\/posaunenchor-shg.de\/wp-content\/uploads\/2020\/01\/Licht.mp3','80','false');show_hide('play','69e15968e2aee0.16352298');\" \/><input type=\"button\"  id=\"btnstop_69e15968e2aee0.16352298\" style=\"display:none\" class=\"myButton_stop\" onClick=\"play_mp3('stop','69e15968e2aee0.16352298','','80','false');show_hide('stop','69e15968e2aee0.16352298');\" \/><div id=\"sm2-container\"><!-- flash movie ends up here --><\/div><\/div><\/div> <\/td><\/tr><tr><td><strong>Macht hoch die T\u00fcr<\/strong><br><br> <\/td><td> <a href=\"https:\/\/posaunenchor-shg.de\/wp-content\/uploads\/2020\/01\/Macht_hoch_die_Tuer.pdf\" target=\"_blank\" rel=\"noreferrer noopener\" aria-label=\"Macht hoch die T\u00fcr.pdf  (\u00f6ffnet in neuem Tab)\">Macht hoch die T\u00fcr.pdf <\/a><\/td><\/tr><tr><td><strong>Marsch (ohne Dr\u00e4ngelei)<\/strong><br><br> <\/td><td> <a href=\"https:\/\/posaunenchor-shg.de\/wp-content\/uploads\/2020\/01\/Marsch_ohne_Draengelei.pdf\" target=\"_blank\" rel=\"noreferrer noopener\" aria-label=\"Marsch_(ohne_Dr\u00e4ngelei).pdf  (\u00f6ffnet in neuem Tab)\">Marsch_(ohne_Dr\u00e4ngelei).pdf <\/a><\/td><\/tr><tr><td><strong>M\u00f6ge die Stra\u00dfe<\/strong><\/td><td> <a href=\"https:\/\/posaunenchor-shg.de\/wp-content\/uploads\/2020\/01\/Moege_die_Strasse.pdf\" target=\"_blank\" rel=\"noreferrer noopener\" aria-label=\"M\u00f6ge_die_Stra\u00dfe_uns_zusammenf\u00fchren.pdf\n (\u00f6ffnet in neuem Tab)\">M\u00f6ge_die_Stra\u00dfe_uns_zusammenf\u00fchren.pdf<br><\/a>         H\u00f6rbeispiel: <div class=\"compact_audio_player_wrapper\"><div class=\"sc_player_container1\"><input type=\"button\" id=\"btnplay_69e15968e7ddc0.44409297\" class=\"myButton_play\" onClick=\"play_mp3('play','69e15968e7ddc0.44409297','https:\/\/posaunenchor-shg.de\/wp-content\/uploads\/2020\/01\/Moege_die_Strasse.mp3','80','false');show_hide('play','69e15968e7ddc0.44409297');\" \/><input type=\"button\"  id=\"btnstop_69e15968e7ddc0.44409297\" style=\"display:none\" class=\"myButton_stop\" onClick=\"play_mp3('stop','69e15968e7ddc0.44409297','','80','false');show_hide('stop','69e15968e7ddc0.44409297');\" \/><div id=\"sm2-container\"><!-- flash movie ends up here --><\/div><\/div><\/div> <\/td><\/tr><tr><td><strong>Nun bitten wir den Heiligen Geist<\/strong><br><br> <\/td><td><a href=\"https:\/\/posaunenchor-shg.de\/wp-content\/uploads\/2020\/01\/Nun_bitten_wir_den_Heiligen_Geist.pdf\" target=\"_blank\" rel=\"noreferrer noopener\" aria-label=\" Nun_bitten_wir_den_Heiligen_Geist.pdf  (\u00f6ffnet in neuem Tab)\"> Nun_bitten_wir_den_Heiligen_Geist.pdf <\/a><\/td><\/tr><tr><td><strong>Nun komm, der Heiden Heiland<\/strong><br><br> <\/td><td><a href=\"https:\/\/posaunenchor-shg.de\/wp-content\/uploads\/2020\/01\/Nun_komm_der_Heiden_Heiland.pdf\" target=\"_blank\" rel=\"noreferrer noopener\" aria-label=\" Nun_komm,_der_Heiden_Heiland.pdf (\u00f6ffnet in neuem Tab)\"> Nun_komm,_der_Heiden_Heiland.pdf<\/a><\/td><\/tr><tr><td><strong>Pfingstintrade<\/strong><br><br> <\/td><td> <a href=\"https:\/\/posaunenchor-shg.de\/wp-content\/uploads\/2020\/01\/Pfingstintrade.pdf\" target=\"_blank\" rel=\"noreferrer noopener\" aria-label=\"Pfingstintrade.pdf  (\u00f6ffnet in neuem Tab)\">Pfingstintrade.pdf <\/a><\/td><\/tr><tr><td><strong>Quodlibet<\/strong><br><br> <\/td><td><a href=\"https:\/\/posaunenchor-shg.de\/wp-content\/uploads\/2020\/01\/Quodlibet.pdf\" target=\"_blank\" rel=\"noreferrer noopener\" aria-label=\" Quodlibet.pdf  (\u00f6ffnet in neuem Tab)\"> Quodlibet.pdf <\/a><\/td><\/tr><tr><td><strong>Rondo Brasso<\/strong><br><br> <\/td><td> <a href=\"https:\/\/posaunenchor-shg.de\/wp-content\/uploads\/2020\/01\/Rondo_Brasso.pdf\" target=\"_blank\" rel=\"noreferrer noopener\" aria-label=\"Rondo_Brasso.pdf  (\u00f6ffnet in neuem Tab)\">Rondo_Brasso.pdf <\/a><\/td><\/tr><tr><td><strong>Sarahs Bande<\/strong><br><br> <\/td><td> <a href=\"https:\/\/posaunenchor-shg.de\/wp-content\/uploads\/2020\/01\/Sarahs_Bande.pdf\" target=\"_blank\" rel=\"noreferrer noopener\" aria-label=\"Sarahs_Bande.pdf  (\u00f6ffnet in neuem Tab)\">Sarahs_Bande.pdf <\/a><\/td><\/tr><tr><td><strong>Stern \u00fcber Bethlehem<\/strong><br>(Jungbl\u00e4ser)<br><br> <\/td><td> <a href=\"https:\/\/posaunenchor-shg.de\/wp-content\/uploads\/2020\/01\/Stern_ueber_Bethlehem.pdf\" target=\"_blank\" rel=\"noreferrer noopener\" aria-label=\"Stern_\u00fcber_Bethlehem.pdf  (\u00f6ffnet in neuem Tab)\">Stern_\u00fcber_Bethlehem.pdf <\/a><\/td><\/tr><tr><td><strong>Tochter Zion<\/strong><br><br> <\/td><td> <a href=\"https:\/\/posaunenchor-shg.de\/wp-content\/uploads\/2020\/01\/Tochter_Zion.pdf\" target=\"_blank\" rel=\"noreferrer noopener\" aria-label=\"Tochter_Zion.pdf  (\u00f6ffnet in neuem Tab)\">Tochter_Zion.pdf <\/a><\/td><\/tr><tr><td><strong>Vom Himmel hoch<\/strong><br><br> <\/td><td> <a href=\"https:\/\/posaunenchor-shg.de\/wp-content\/uploads\/2020\/01\/Vom_Himmel_hoch.pdf\" target=\"_blank\" rel=\"noreferrer noopener\" aria-label=\"Vom_Himmel_hoch.pdf  (\u00f6ffnet in neuem Tab)\">Vom_Himmel_hoch.pdf <\/a><\/td><\/tr><tr><td><strong>Welcome Brass<\/strong><br><br> <\/td><td> <a href=\"https:\/\/posaunenchor-shg.de\/wp-content\/uploads\/2020\/01\/Welcome_Brass.pdf\" target=\"_blank\" rel=\"noreferrer noopener\" aria-label=\"Welcome_Brass.pdf  (\u00f6ffnet in neuem Tab)\">Welcome_Brass.pdf <\/a><\/td><\/tr><tr><td><strong>Wie soll ich dich empfangen<\/strong><br><br> <\/td><td> <a href=\"https:\/\/posaunenchor-shg.de\/wp-content\/uploads\/2020\/01\/Wie_soll_ich_dich_empfangen.pdf\" target=\"_blank\" rel=\"noreferrer noopener\" aria-label=\"Wie_soll_ich_dich_empfangen.pdf  (\u00f6ffnet in neuem Tab)\">Wie_soll_ich_dich_empfangen.pdf <\/a><\/td><\/tr><tr><td><strong>Wir sagen euch an den lieben Advent<\/strong><br><br> <\/td><td> <a href=\"https:\/\/posaunenchor-shg.de\/wp-content\/uploads\/2020\/01\/Wir_sagen_euch_an_den_lieben_Advent.pdf\" target=\"_blank\" rel=\"noreferrer noopener\" aria-label=\"Wir_sagen_euch_an_den_lieben_Advent.pdf   (\u00f6ffnet in neuem Tab)\">Wir_sagen_euch_an_den_lieben_Advent.pdf  <\/a> <\/td><\/tr><tr><td><strong>Wir wollen aufstehn, aufeinander zugehn<\/strong><\/td><td><a rel=\"noreferrer noopener\" aria-label=\" Wir_wollen_aufstehn,_aufeinander_zugehn.pdf  (\u00f6ffnet in neuem Tab)\" href=\"https:\/\/posaunenchor-shg.de\/wp-content\/uploads\/2020\/01\/Wir_wollen_aufstehn_aufeinander_zugehn.pdf\" target=\"_blank\"> Wir_wollen_aufstehn,_aufeinander_zugehn.pdf <\/a><br>         H\u00f6rbeispiel: <div class=\"compact_audio_player_wrapper\"><div class=\"sc_player_container1\"><input type=\"button\" id=\"btnplay_69e15968ee6621.17252662\" class=\"myButton_play\" onClick=\"play_mp3('play','69e15968ee6621.17252662','https:\/\/posaunenchor-shg.de\/wp-content\/uploads\/2020\/01\/Wir_wollen_aufstehn_aufeinander_zugehn.mp3','80','false');show_hide('play','69e15968ee6621.17252662');\" \/><input type=\"button\"  id=\"btnstop_69e15968ee6621.17252662\" style=\"display:none\" class=\"myButton_stop\" onClick=\"play_mp3('stop','69e15968ee6621.17252662','','80','false');show_hide('stop','69e15968ee6621.17252662');\" \/><div id=\"sm2-container\"><!-- flash movie ends up here --><\/div><\/div><\/div> <\/td><\/tr><\/tbody><\/table><\/figure>\n","protected":false},"excerpt":{"rendered":"<p>Hier finden Sie Eigenkompositionen f\u00fcr Blechbl\u00e4serensembles verschiedener Stilrichtungen von Andreas Meyer (Leiter des Posaunenchores). Mehr unter:\u00a0www.andreasmeyer-musik.de Titel Noten\/H\u00f6rbeispiel Blech im Blut(Jungbl\u00e4ser) Blech_im_Blut.pdfH\u00f6rbeispiel: Blech an Bord(Jungbl\u00e4ser) Blech_an_Bord.pdf H\u00f6rbeispiel: Blech auf Fahrt(Jungbl\u00e4ser) Blech_auf_Fahrt.pdf H\u00f6rbeispiel: Blech mit Hall(Jungbl\u00e4ser) Blech_mit_Hall.pdf H\u00f6rbeispiel: Blech mit Herz(Jungbl\u00e4ser) Blech_mit_Herz.pdf H\u00f6rbeispiel: Blech im Spiel(Jungbl\u00e4ser) Blech_im_Spiel.pdf H\u00f6rbeispiel: Ein feste Burg ist unser Gott Ein_feste_Burg_ist_unser_Gott.pdf Es [&hellip;]<\/p>\n","protected":false},"author":1,"featured_media":0,"parent":0,"menu_order":0,"comment_status":"closed","ping_status":"closed","template":"templates\/template-full-width.php","meta":{"footnotes":""},"class_list":["post-336","page","type-page","status-publish","hentry"],"_links":{"self":[{"href":"https:\/\/posaunenchor-shg.de\/index.php\/wp-json\/wp\/v2\/pages\/336","targetHints":{"allow":["GET"]}}],"collection":[{"href":"https:\/\/posaunenchor-shg.de\/index.php\/wp-json\/wp\/v2\/pages"}],"about":[{"href":"https:\/\/posaunenchor-shg.de\/index.php\/wp-json\/wp\/v2\/types\/page"}],"author":[{"embeddable":true,"href":"https:\/\/posaunenchor-shg.de\/index.php\/wp-json\/wp\/v2\/users\/1"}],"replies":[{"embeddable":true,"href":"https:\/\/posaunenchor-shg.de\/index.php\/wp-json\/wp\/v2\/comments?post=336"}],"version-history":[{"count":41,"href":"https:\/\/posaunenchor-shg.de\/index.php\/wp-json\/wp\/v2\/pages\/336\/revisions"}],"predecessor-version":[{"id":701,"href":"https:\/\/posaunenchor-shg.de\/index.php\/wp-json\/wp\/v2\/pages\/336\/revisions\/701"}],"wp:attachment":[{"href":"https:\/\/posaunenchor-shg.de\/index.php\/wp-json\/wp\/v2\/media?parent=336"}],"curies":[{"name":"wp","href":"https:\/\/api.w.org\/{rel}","templated":true}]}}